{"id":1406,"date":"2025-06-28T15:45:41","date_gmt":"2025-06-28T13:45:41","guid":{"rendered":"https:\/\/www.clubcannabisbcn.com\/contacto-club-cannabis-barcelone\/"},"modified":"2025-08-04T14:40:06","modified_gmt":"2025-08-04T12:40:06","slug":"contacto-club-cannabis-barcelone","status":"publish","type":"page","link":"https:\/\/www.clubcannabisbcn.com\/es\/contacto-club-cannabis-barcelone\/","title":{"rendered":"Contacto &#8211; Club Cannabis Barcelone"},"content":{"rendered":"\t\t<div data-elementor-type=\"wp-page\" data-elementor-id=\"1406\" class=\"elementor elementor-1406 elementor-32\">\n\t\t\t\t<div class=\"elementor-element elementor-element-b342077 e-flex e-con-boxed e-con e-parent\" data-id=\"b342077\" data-element_type=\"container\" data-settings=\"{&quot;background_background&quot;:&quot;classic&quot;}\">\n\t\t\t\t\t<div class=\"e-con-inner\">\n\t\t<div class=\"elementor-element elementor-element-bf6f329 e-con-full e-flex e-con e-child\" data-id=\"bf6f329\" data-element_type=\"container\">\n\t\t\t\t<div class=\"elementor-element elementor-element-0d4da44 elementor-widget elementor-widget-heading\" data-id=\"0d4da44\" data-element_type=\"widget\" data-widget_type=\"heading.default\">\n\t\t\t\t<div class=\"elementor-widget-container\">\n\t\t\t\t\t<h1 class=\"elementor-heading-title elementor-size-default\">Contacta con nosotros<\/h1>\t\t\t\t<\/div>\n\t\t\t\t<\/div>\n\t\t\t\t<div class=\"elementor-element elementor-element-06118b8 elementor-icon-list--layout-inline elementor-align-center elementor-list-item-link-full_width elementor-widget elementor-widget-icon-list\" data-id=\"06118b8\" data-element_type=\"widget\" data-widget_type=\"icon-list.default\">\n\t\t\t\t<div class=\"elementor-widget-container\">\n\t\t\t\t\t\t\t<ul class=\"elementor-icon-list-items elementor-inline-items\">\n\t\t\t\t\t\t\t<li class=\"elementor-icon-list-item elementor-inline-item\">\n\t\t\t\t\t\t\t\t\t\t\t<a href=\"https:\/\/www.clubcannabisbcn.com\/es\/\">\n\n\t\t\t\t\t\t\t\t\t\t\t<span class=\"elementor-icon-list-text\">Club Cannabis Barcelona<\/span>\n\t\t\t\t\t\t\t\t\t\t\t<\/a>\n\t\t\t\t\t\t\t\t\t<\/li>\n\t\t\t\t\t\t\t\t<li class=\"elementor-icon-list-item elementor-inline-item\">\n\t\t\t\t\t\t\t\t\t\t\t<span class=\"elementor-icon-list-icon\">\n\t\t\t\t\t\t\t<svg aria-hidden=\"true\" class=\"e-font-icon-svg e-fas-angle-double-right\" viewBox=\"0 0 448 512\" xmlns=\"http:\/\/www.w3.org\/2000\/svg\"><path d=\"M224.3 273l-136 136c-9.4 9.4-24.6 9.4-33.9 0l-22.6-22.6c-9.4-9.4-9.4-24.6 0-33.9l96.4-96.4-96.4-96.4c-9.4-9.4-9.4-24.6 0-33.9L54.3 103c9.4-9.4 24.6-9.4 33.9 0l136 136c9.5 9.4 9.5 24.6.1 34zm192-34l-136-136c-9.4-9.4-24.6-9.4-33.9 0l-22.6 22.6c-9.4 9.4-9.4 24.6 0 33.9l96.4 96.4-96.4 96.4c-9.4 9.4-9.4 24.6 0 33.9l22.6 22.6c9.4 9.4 24.6 9.4 33.9 0l136-136c9.4-9.2 9.4-24.4 0-33.8z\"><\/path><\/svg>\t\t\t\t\t\t<\/span>\n\t\t\t\t\t\t\t\t\t\t<span class=\"elementor-icon-list-text\">Contacta con nosotros<\/span>\n\t\t\t\t\t\t\t\t\t<\/li>\n\t\t\t\t\t\t<\/ul>\n\t\t\t\t\t\t<\/div>\n\t\t\t\t<\/div>\n\t\t\t\t<\/div>\n\t\t\t\t\t<\/div>\n\t\t\t\t<\/div>\n\t\t<div class=\"elementor-element elementor-element-e5c3d7d e-flex e-con-boxed e-con e-parent\" data-id=\"e5c3d7d\" data-element_type=\"container\" data-settings=\"{&quot;background_background&quot;:&quot;classic&quot;}\">\n\t\t\t\t\t<div class=\"e-con-inner\">\n\t\t<div class=\"elementor-element elementor-element-fc6d6e9 e-con-full e-flex e-con e-child\" data-id=\"fc6d6e9\" data-element_type=\"container\" data-settings=\"{&quot;background_background&quot;:&quot;gradient&quot;}\">\n\t\t\t\t<div class=\"elementor-element elementor-element-4aff34d elementor-widget elementor-widget-shortcode\" data-id=\"4aff34d\" data-element_type=\"widget\" data-widget_type=\"shortcode.default\">\n\t\t\t\t<div class=\"elementor-widget-container\">\n\t\t\t\t\t\t\t<div class=\"elementor-shortcode\">\n<div class=\"wpcf7 no-js\" id=\"wpcf7-f1489-o1\" lang=\"es-ES\" dir=\"ltr\" data-wpcf7-id=\"1489\">\n<div class=\"screen-reader-response\"><p role=\"status\" aria-live=\"polite\" aria-atomic=\"true\"><\/p> <ul><\/ul><\/div>\n<form action=\"\/es\/wp-json\/wp\/v2\/pages\/1406#wpcf7-f1489-o1\" method=\"post\" class=\"wpcf7-form init\" aria-label=\"Formulario de contacto\" novalidate=\"novalidate\" data-status=\"init\">\n<fieldset class=\"hidden-fields-container\"><input type=\"hidden\" name=\"_wpcf7\" value=\"1489\" \/><input type=\"hidden\" name=\"_wpcf7_version\" value=\"6.1\" \/><input type=\"hidden\" name=\"_wpcf7_locale\" value=\"es_ES\" \/><input type=\"hidden\" name=\"_wpcf7_unit_tag\" value=\"wpcf7-f1489-o1\" \/><input type=\"hidden\" name=\"_wpcf7_container_post\" value=\"0\" \/><input type=\"hidden\" name=\"_wpcf7_posted_data_hash\" value=\"\" \/><input type=\"hidden\" name=\"_wpcf7_recaptcha_response\" value=\"\" \/>\n<\/fieldset>\n<div class=\"form-cont\">\n\t<div class=\"sect1\">\n\t\t<div>\n\t\t\t<p><span class=\"wpcf7-form-control-wrap\" data-name=\"nom\"><input size=\"40\" maxlength=\"400\" class=\"wpcf7-form-control wpcf7-text wpcf7-validates-as-required\" id=\"nom\" aria-required=\"true\" aria-invalid=\"false\" placeholder=\"Nombre*\" value=\"\" type=\"text\" name=\"nom\" \/><\/span>\n\t\t\t<\/p>\n\t\t<\/div>\n\t\t<div>\n\t\t\t<p><span class=\"wpcf7-form-control-wrap\" data-name=\"Prenom\"><input size=\"40\" maxlength=\"400\" class=\"wpcf7-form-control wpcf7-text wpcf7-validates-as-required\" id=\"prenom\" aria-required=\"true\" aria-invalid=\"false\" placeholder=\"Nombre de pila*\" value=\"\" type=\"text\" name=\"Prenom\" \/><\/span>\n\t\t\t<\/p>\n\t\t<\/div>\n\t<\/div>\n\t<div class=\"sect1\">\n\t\t<diV>\n\t\t\t<p><span class=\"wpcf7-form-control-wrap\" data-name=\"email\"><input size=\"40\" maxlength=\"400\" class=\"wpcf7-form-control wpcf7-email wpcf7-validates-as-required wpcf7-text wpcf7-validates-as-email\" id=\"email\" aria-required=\"true\" aria-invalid=\"false\" placeholder=\"Correo electr\u00f3nico*\" value=\"\" type=\"email\" name=\"email\" \/><\/span>\n\t\t\t<\/p>\n\t\t<\/div>\n\t\t<div>\n\t\t\t<p><span class=\"wpcf7-form-control-wrap\" data-name=\"telephone\"><input size=\"40\" maxlength=\"400\" class=\"wpcf7-form-control wpcf7-tel wpcf7-validates-as-required wpcf7-text wpcf7-validates-as-tel\" id=\"tel\" aria-required=\"true\" aria-invalid=\"false\" placeholder=\"Tel\u00e9fono*\" value=\"\" type=\"tel\" name=\"telephone\" \/><\/span>\n\t\t\t<\/p>\n\t\t<\/div>\n\t<\/div>\n\t<p><span class=\"wpcf7-form-control-wrap\" data-name=\"message\"><textarea cols=\"40\" rows=\"10\" maxlength=\"2000\" class=\"wpcf7-form-control wpcf7-textarea\" aria-invalid=\"false\" placeholder=\"Mensaje\" name=\"message\"><\/textarea><\/span>\n\t<\/p>\n\t<p><input class=\"wpcf7-form-control wpcf7-submit has-spinner\" id=\"envoyer\" type=\"submit\" value=\"Env\u00eda\" \/>\n\t<\/p>\n<\/div><div class=\"wpcf7-response-output\" aria-hidden=\"true\"><\/div>\n<\/form>\n<\/div>\n<\/div>\n\t\t\t\t\t\t<\/div>\n\t\t\t\t<\/div>\n\t\t\t\t<\/div>\n\t\t\t\t\t<\/div>\n\t\t\t\t<\/div>\n\t\t\t\t<\/div>\n\t\t","protected":false},"excerpt":{"rendered":"<p>Contacta con nosotros Club Cannabis Barcelona Contacta con nosotros<\/p>\n","protected":false},"author":1,"featured_media":0,"parent":0,"menu_order":0,"comment_status":"closed","ping_status":"closed","template":"","meta":{"footnotes":""},"class_list":["post-1406","page","type-page","status-publish","hentry"],"yoast_head":"<!-- This site is optimized with the Yoast SEO plugin v25.5 - https:\/\/yoast.com\/wordpress\/plugins\/seo\/ -->\n<title>Clubs Cannabis Barcelone &#8211; Meilleur Social Club Barcelone<\/title>\n<meta name=\"description\" content=\"Es f\u00e1cil contactar con un club de cannabis en Barcelona: informaci\u00f3n, ubicaci\u00f3n, condiciones de afiliaci\u00f3n y acceso r\u00e1pido. \u00a1\u00danete a un club de forma legal y discreta!\" \/>\n<meta name=\"robots\" content=\"index, follow, max-snippet:-1, max-image-preview:large, max-video-preview:-1\" \/>\n<link rel=\"canonical\" href=\"https:\/\/www.clubcannabisbcn.com\/es\/contacto-club-cannabis-barcelone\/\" \/>\n<meta property=\"og:locale\" content=\"es_ES\" \/>\n<meta property=\"og:type\" content=\"article\" \/>\n<meta property=\"og:description\" content=\"Es f\u00e1cil contactar con un club de cannabis en Barcelona: informaci\u00f3n, ubicaci\u00f3n, condiciones de afiliaci\u00f3n y acceso r\u00e1pido. \u00a1\u00danete a un club de forma legal y discreta!\" \/>\n<meta property=\"og:url\" content=\"https:\/\/www.clubcannabisbcn.com\/es\/contacto-club-cannabis-barcelone\/\" \/>\n<meta property=\"og:site_name\" content=\"Clubs Cannabis Barcelone - Meilleur Social Club Barcelone\" \/>\n<meta property=\"article:modified_time\" content=\"2025-08-04T12:40:06+00:00\" \/>\n<meta name=\"twitter:card\" content=\"summary_large_image\" \/>\n<meta name=\"twitter:label1\" content=\"Tiempo de lectura\" \/>\n\t<meta name=\"twitter:data1\" content=\"1 minuto\" \/>\n<script type=\"application\/ld+json\" class=\"yoast-schema-graph\">{\"@context\":\"https:\/\/schema.org\",\"@graph\":[{\"@type\":\"WebPage\",\"@id\":\"https:\/\/www.clubcannabisbcn.com\/es\/contacto-club-cannabis-barcelone\/\",\"url\":\"https:\/\/www.clubcannabisbcn.com\/es\/contacto-club-cannabis-barcelone\/\",\"name\":\"\",\"isPartOf\":{\"@id\":\"https:\/\/www.clubcannabisbcn.com\/es\/#website\"},\"datePublished\":\"2025-06-28T13:45:41+00:00\",\"dateModified\":\"2025-08-04T12:40:06+00:00\",\"description\":\"Es f\u00e1cil contactar con un club de cannabis en Barcelona: informaci\u00f3n, ubicaci\u00f3n, condiciones de afiliaci\u00f3n y acceso r\u00e1pido. \u00a1\u00danete a un club de forma legal y discreta!\",\"breadcrumb\":{\"@id\":\"https:\/\/www.clubcannabisbcn.com\/es\/contacto-club-cannabis-barcelone\/#breadcrumb\"},\"inLanguage\":\"es\",\"potentialAction\":[{\"@type\":\"ReadAction\",\"target\":[\"https:\/\/www.clubcannabisbcn.com\/es\/contacto-club-cannabis-barcelone\/\"]}]},{\"@type\":\"BreadcrumbList\",\"@id\":\"https:\/\/www.clubcannabisbcn.com\/es\/contacto-club-cannabis-barcelone\/#breadcrumb\",\"itemListElement\":[{\"@type\":\"ListItem\",\"position\":1,\"name\":\"Accueil\",\"item\":\"https:\/\/www.clubcannabisbcn.com\/es\/club-cannabis-barcelona-mejor-club-social-barcelona\/\"},{\"@type\":\"ListItem\",\"position\":2,\"name\":\"Contacto &#8211; Club Cannabis Barcelone\"}]},{\"@type\":\"WebSite\",\"@id\":\"https:\/\/www.clubcannabisbcn.com\/es\/#website\",\"url\":\"https:\/\/www.clubcannabisbcn.com\/es\/\",\"name\":\"Clubs Cannabis Barcelone - Meilleur Social Club Barcelone\",\"description\":\"Clubs Cannabis Barcelone - Meilleur Club Barcelone\",\"publisher\":{\"@id\":\"https:\/\/www.clubcannabisbcn.com\/es\/#organization\"},\"potentialAction\":[{\"@type\":\"SearchAction\",\"target\":{\"@type\":\"EntryPoint\",\"urlTemplate\":\"https:\/\/www.clubcannabisbcn.com\/es\/?s={search_term_string}\"},\"query-input\":{\"@type\":\"PropertyValueSpecification\",\"valueRequired\":true,\"valueName\":\"search_term_string\"}}],\"inLanguage\":\"es\"},{\"@type\":\"Organization\",\"@id\":\"https:\/\/www.clubcannabisbcn.com\/es\/#organization\",\"name\":\"Clubs Cannabis Barcelone - Meilleur Social Club Barcelone\",\"url\":\"https:\/\/www.clubcannabisbcn.com\/es\/\",\"logo\":{\"@type\":\"ImageObject\",\"inLanguage\":\"es\",\"@id\":\"https:\/\/www.clubcannabisbcn.com\/es\/#\/schema\/logo\/image\/\",\"url\":\"https:\/\/www.clubcannabisbcn.com\/wp-content\/uploads\/2025\/06\/Untitled-design-7.png\",\"contentUrl\":\"https:\/\/www.clubcannabisbcn.com\/wp-content\/uploads\/2025\/06\/Untitled-design-7.png\",\"width\":500,\"height\":500,\"caption\":\"Clubs Cannabis Barcelone - Meilleur Social Club Barcelone\"},\"image\":{\"@id\":\"https:\/\/www.clubcannabisbcn.com\/es\/#\/schema\/logo\/image\/\"}}]}<\/script>\n<!-- \/ Yoast SEO plugin. -->","yoast_head_json":{"title":"Clubs Cannabis Barcelone &#8211; Meilleur Social Club Barcelone","description":"Es f\u00e1cil contactar con un club de cannabis en Barcelona: informaci\u00f3n, ubicaci\u00f3n, condiciones de afiliaci\u00f3n y acceso r\u00e1pido. \u00a1\u00danete a un club de forma legal y discreta!","robots":{"index":"index","follow":"follow","max-snippet":"max-snippet:-1","max-image-preview":"max-image-preview:large","max-video-preview":"max-video-preview:-1"},"canonical":"https:\/\/www.clubcannabisbcn.com\/es\/contacto-club-cannabis-barcelone\/","og_locale":"es_ES","og_type":"article","og_description":"Es f\u00e1cil contactar con un club de cannabis en Barcelona: informaci\u00f3n, ubicaci\u00f3n, condiciones de afiliaci\u00f3n y acceso r\u00e1pido. \u00a1\u00danete a un club de forma legal y discreta!","og_url":"https:\/\/www.clubcannabisbcn.com\/es\/contacto-club-cannabis-barcelone\/","og_site_name":"Clubs Cannabis Barcelone - Meilleur Social Club Barcelone","article_modified_time":"2025-08-04T12:40:06+00:00","twitter_card":"summary_large_image","twitter_misc":{"Tiempo de lectura":"1 minuto"},"schema":{"@context":"https:\/\/schema.org","@graph":[{"@type":"WebPage","@id":"https:\/\/www.clubcannabisbcn.com\/es\/contacto-club-cannabis-barcelone\/","url":"https:\/\/www.clubcannabisbcn.com\/es\/contacto-club-cannabis-barcelone\/","name":"","isPartOf":{"@id":"https:\/\/www.clubcannabisbcn.com\/es\/#website"},"datePublished":"2025-06-28T13:45:41+00:00","dateModified":"2025-08-04T12:40:06+00:00","description":"Es f\u00e1cil contactar con un club de cannabis en Barcelona: informaci\u00f3n, ubicaci\u00f3n, condiciones de afiliaci\u00f3n y acceso r\u00e1pido. \u00a1\u00danete a un club de forma legal y discreta!","breadcrumb":{"@id":"https:\/\/www.clubcannabisbcn.com\/es\/contacto-club-cannabis-barcelone\/#breadcrumb"},"inLanguage":"es","potentialAction":[{"@type":"ReadAction","target":["https:\/\/www.clubcannabisbcn.com\/es\/contacto-club-cannabis-barcelone\/"]}]},{"@type":"BreadcrumbList","@id":"https:\/\/www.clubcannabisbcn.com\/es\/contacto-club-cannabis-barcelone\/#breadcrumb","itemListElement":[{"@type":"ListItem","position":1,"name":"Accueil","item":"https:\/\/www.clubcannabisbcn.com\/es\/club-cannabis-barcelona-mejor-club-social-barcelona\/"},{"@type":"ListItem","position":2,"name":"Contacto &#8211; Club Cannabis Barcelone"}]},{"@type":"WebSite","@id":"https:\/\/www.clubcannabisbcn.com\/es\/#website","url":"https:\/\/www.clubcannabisbcn.com\/es\/","name":"Clubs Cannabis Barcelone - Meilleur Social Club Barcelone","description":"Clubs Cannabis Barcelone - Meilleur Club Barcelone","publisher":{"@id":"https:\/\/www.clubcannabisbcn.com\/es\/#organization"},"potentialAction":[{"@type":"SearchAction","target":{"@type":"EntryPoint","urlTemplate":"https:\/\/www.clubcannabisbcn.com\/es\/?s={search_term_string}"},"query-input":{"@type":"PropertyValueSpecification","valueRequired":true,"valueName":"search_term_string"}}],"inLanguage":"es"},{"@type":"Organization","@id":"https:\/\/www.clubcannabisbcn.com\/es\/#organization","name":"Clubs Cannabis Barcelone - Meilleur Social Club Barcelone","url":"https:\/\/www.clubcannabisbcn.com\/es\/","logo":{"@type":"ImageObject","inLanguage":"es","@id":"https:\/\/www.clubcannabisbcn.com\/es\/#\/schema\/logo\/image\/","url":"https:\/\/www.clubcannabisbcn.com\/wp-content\/uploads\/2025\/06\/Untitled-design-7.png","contentUrl":"https:\/\/www.clubcannabisbcn.com\/wp-content\/uploads\/2025\/06\/Untitled-design-7.png","width":500,"height":500,"caption":"Clubs Cannabis Barcelone - Meilleur Social Club Barcelone"},"image":{"@id":"https:\/\/www.clubcannabisbcn.com\/es\/#\/schema\/logo\/image\/"}}]}},"_links":{"self":[{"href":"https:\/\/www.clubcannabisbcn.com\/es\/wp-json\/wp\/v2\/pages\/1406","targetHints":{"allow":["GET"]}}],"collection":[{"href":"https:\/\/www.clubcannabisbcn.com\/es\/wp-json\/wp\/v2\/pages"}],"about":[{"href":"https:\/\/www.clubcannabisbcn.com\/es\/wp-json\/wp\/v2\/types\/page"}],"author":[{"embeddable":true,"href":"https:\/\/www.clubcannabisbcn.com\/es\/wp-json\/wp\/v2\/users\/1"}],"replies":[{"embeddable":true,"href":"https:\/\/www.clubcannabisbcn.com\/es\/wp-json\/wp\/v2\/comments?post=1406"}],"version-history":[{"count":5,"href":"https:\/\/www.clubcannabisbcn.com\/es\/wp-json\/wp\/v2\/pages\/1406\/revisions"}],"predecessor-version":[{"id":1594,"href":"https:\/\/www.clubcannabisbcn.com\/es\/wp-json\/wp\/v2\/pages\/1406\/revisions\/1594"}],"wp:attachment":[{"href":"https:\/\/www.clubcannabisbcn.com\/es\/wp-json\/wp\/v2\/media?parent=1406"}],"curies":[{"name":"wp","href":"https:\/\/api.w.org\/{rel}","templated":true}]}}